{"id":42,"date":"2025-11-07T19:10:07","date_gmt":"2025-11-07T19:10:07","guid":{"rendered":"https:\/\/bibliotecastc.pt\/rbfaro\/about\/"},"modified":"2025-11-07T19:10:07","modified_gmt":"2025-11-07T19:10:07","slug":"about","status":"publish","type":"page","link":"https:\/\/bibliotecastc.pt\/rbfaro\/about\/","title":{"rendered":"About"},"content":{"rendered":"<div class=\"entry\">\n\n\n\n\n\n\n<h2>Nossos Destaques<\/h2>\n<p>Explore as caracter\u00edsticas que tornam a Rede de Bibliotecas de Faro um recurso essencial para a comunidade, proporcionando acesso ao aprendizado e \u00e0 cultura.<\/p>\n\n\n\n\n\n\n\n\n\n\n\n\n<h2>Nossos Destaques<\/h2>\n<p>Explore as caracter\u00edsticas que tornam a Rede de Bibliotecas de Faro um recurso essencial para a comunidade, proporcionando acesso ao aprendizado e \u00e0 cultura.<\/p>\n\nUm acervo diversificado que atende a todas as faixas et\u00e1rias e interesses.\nProfissionais dedicados prontos para ajudar os visitantes a encontrar o que precisam.\nPalestras, leituras e workshops focados em diferentes aspectos da cultura e da educa\u00e7\u00e3o.\nAmbientes criativos que incentivam a pesquisa, estudo e discuss\u00e3o.\n\n\n\n\n\n\nUm acervo diversificado que atende a todas as faixas et\u00e1rias e interesses.\nProfissionais dedicados prontos para ajudar os visitantes a encontrar o que precisam.\n\n\nPalestras, leituras e workshops focados em diferentes aspectos da cultura e da educa\u00e7\u00e3o.\n\n\n\n\n\n\n<h6>Uma equipe apaixonada pela literatura e dedicada \u00e0 educa\u00e7\u00e3o da comunidade.<\/h6>\n\n<h2>Conhe\u00e7a a Nossa Equipa<\/h2>\n\n\n\n<h5>Ana Silva<\/h5>\n\n\n\n\n\n<p>Diretora<\/p>\n\n\n\n\n\n<h5>Jo\u00e3o Pereira<\/h5>\n\n\n\n\n\n<p>Bibliotec\u00e1rio<\/p>\n\n\n\n\n\n<h5>Mariana Costa<\/h5>\n\n\n\n\n\n<p>Coordenadora de Eventos<\/p>\n\n\n\n\n\n\n<h6>Depoimentos de Nossos Visitantes<\/h6>\n\n<h2>O que Dizem Sobre N\u00f3s<\/h2>\n\n\n\n\n\n\n\n\n\n&#8220;A Rede de Bibliotecas de Faro \u00e9 um lugar incr\u00edvel que transformou meu modo de ver a leitura!&#8221;\n&#8220;Os eventos que promovem a leitura s\u00e3o sempre interessantes e enriquecedores.&#8221;\n&#8220;\u00c9 um lugar ideal para aprender e trocar ideias com pessoas apaixonadas por livros.&#8221;\n\n\n\n\n\n\n\n\n\n\n<\/div>","protected":false},"excerpt":{"rendered":"","protected":false},"author":1,"featured_media":0,"parent":0,"menu_order":0,"comment_status":"closed","ping_status":"closed","template":"","meta":{"pagelayer_contact_templates":[],"_pagelayer_content":"","footnotes":""},"class_list":["post-42","page","type-page","status-publish"],"_links":{"self":[{"href":"https:\/\/bibliotecastc.pt\/rbfaro\/wp-json\/wp\/v2\/pages\/42","targetHints":{"allow":["GET"]}}],"collection":[{"href":"https:\/\/bibliotecastc.pt\/rbfaro\/wp-json\/wp\/v2\/pages"}],"about":[{"href":"https:\/\/bibliotecastc.pt\/rbfaro\/wp-json\/wp\/v2\/types\/page"}],"author":[{"embeddable":true,"href":"https:\/\/bibliotecastc.pt\/rbfaro\/wp-json\/wp\/v2\/users\/1"}],"replies":[{"embeddable":true,"href":"https:\/\/bibliotecastc.pt\/rbfaro\/wp-json\/wp\/v2\/comments?post=42"}],"version-history":[{"count":0,"href":"https:\/\/bibliotecastc.pt\/rbfaro\/wp-json\/wp\/v2\/pages\/42\/revisions"}],"wp:attachment":[{"href":"https:\/\/bibliotecastc.pt\/rbfaro\/wp-json\/wp\/v2\/media?parent=42"}],"curies":[{"name":"wp","href":"https:\/\/api.w.org\/{rel}","templated":true}]}}