{"id":71,"date":"2019-11-05T02:49:00","date_gmt":"2019-11-05T02:49:00","guid":{"rendered":"https:\/\/bibliotecastc.pt\/acoteiasxxi\/?page_id=71"},"modified":"2025-08-16T22:20:50","modified_gmt":"2025-08-16T22:20:50","slug":"palavra-de-cidadania","status":"publish","type":"page","link":"https:\/\/bibliotecastc.pt\/acoteiasxxi\/palavra-de-cidadania\/","title":{"rendered":"Palavra de Cidadania"},"content":{"rendered":"\n<p><strong>\u201cPalavra de Cidadania\u201d<\/strong>&nbsp;\u00e9 uma&nbsp;<strong>Coluna de Opini\u00e3o<\/strong>&nbsp;onde ir\u00e3o ser publicados textos elaborados no \u00e2mbito da disciplina de portugu\u00eas pelos alunos da turma 9 do 11\u00ba ano. Estes trabalhos ser\u00e3o coordenados pela Professora Dulce Bai\u00e3o e est\u00e3o integrados no projeto de turma que tem o t\u00edtulo&nbsp;<strong>\u201cComunicar entre o Passado e o Futuro\u201d<\/strong>.<\/p>\n\n\n\n<p>Para j\u00e1 publicamos o primeiro artigo que tem por t\u00edtulo:<\/p>\n\n\n\n<p><strong>O uso da raz\u00e3o<\/strong><\/p>\n\n\n\n<p>O uso da raz\u00e3o \u00e9 um privil\u00e9gio atribu\u00eddo aos seres racionais. Um privil\u00e9gio que n\u00e3o segue meros instintos, mas pensamentos e l\u00f3gica.<\/p>\n\n\n\n<p>Desde os prim\u00f3rdios da humanidade que n\u00f3s, atrav\u00e9s das nossas capacidades racionais estabelecemos ideologias, doutrinas e regras. E como muitos sabem a civiliza\u00e7\u00e3o humana est\u00e1 em constante mudan\u00e7a, logo estas ideologias, doutrinas e regras podem n\u00e3o se adaptar com todos, que atrav\u00e9s do uso da raz\u00e3o n\u00e3o aceitam qualquer tipo de situa\u00e7\u00e3o sem conscientemente a analisar. O facto do uso da raz\u00e3o ter uma import\u00e2ncia t\u00e3o fundamental na forma de pensar, leva as pessoas a quererem e executarem uma mudan\u00e7a dr\u00e1stica. Isto,&nbsp; em alguns contextos, leva a revolu\u00e7\u00f5es, manifesta\u00e7\u00f5es, golpes de estado e greves. Felizmente, em muitos casos, esta mudan\u00e7a do predefinido tem um efeito positivo na sociedade como, por exemplo, o movimento dos direitos civis dos afro-americanos liderado por Martin Luther King Jr., a Revolu\u00e7\u00e3o dos Cravos ou at\u00e9 a queda do muro de Berlim. Apesar do uso da raz\u00e3o ser teoricamente referido como ter sempre o melhor como objetivo, muitos lutam pelas suas ideologias atrav\u00e9s do \u201cuso da raz\u00e3o\u201d e n\u00e3o t\u00eam um bom pensamento nem uma boa execu\u00e7\u00e3o, como por exemplo as manifesta\u00e7\u00f5es de Charlotesville, North Carolina, ap\u00f3s monumentos confederados terem sido removidos por respeito aos privados de direitos durante a segrega\u00e7\u00e3o racial no sul dos Estados Unidos da Am\u00e9rica, que levaram a protestos violentos de grupos da&nbsp;<em>alt-right<\/em>&nbsp;que incluem neonazis, neofascistas e neoconfederados, todos grupos que promovem um discurso de \u00f3dio e supremacia branca. Durante o protesto mataram uma mulher e feriram muitos outros em conflitos violentos durante esse dia.<\/p>\n\n\n\n<p>Com isto em mente, eu pergunto se h\u00e1 limite para o uso da raz\u00e3o e pergunto se o uso da raz\u00e3o \u00e9 sempre moralmente correto ou se \u00e9 s\u00f3 derrubar paredes e obst\u00e1culos sem um melhoramento na sociedade como objetivo.<\/p>\n\n\n\n<p><strong><em>Miguel Martins<br>11\u00ba ano turma 9 outubro 2019<\/em><\/strong><\/p>\n","protected":false},"excerpt":{"rendered":"<p>\u201cPalavra de Cidadania\u201d&nbsp;\u00e9 uma&nbsp;Coluna de Opini\u00e3o&nbsp;onde ir\u00e3o ser publicados textos elaborados no \u00e2mbito da disciplina de portugu\u00eas pelos alunos da turma 9 do 11\u00ba ano. Estes trabalhos ser\u00e3o coordenados pela Professora Dulce Bai\u00e3o e est\u00e3o integrados no projeto de turma que tem o t\u00edtulo&nbsp;\u201cComunicar entre o Passado e o Futuro\u201d. Para j\u00e1 publicamos o primeiro<\/p>\n<p><a href=\"https:\/\/bibliotecastc.pt\/acoteiasxxi\/palavra-de-cidadania\/\" class=\"more-link themebutton\">Read More<\/a><\/p>\n","protected":false},"author":1,"featured_media":0,"parent":0,"menu_order":0,"comment_status":"closed","ping_status":"closed","template":"","meta":{"footnotes":""},"class_list":["post-71","page","type-page","status-publish","hentry"],"_links":{"self":[{"href":"https:\/\/bibliotecastc.pt\/acoteiasxxi\/wp-json\/wp\/v2\/pages\/71","targetHints":{"allow":["GET"]}}],"collection":[{"href":"https:\/\/bibliotecastc.pt\/acoteiasxxi\/wp-json\/wp\/v2\/pages"}],"about":[{"href":"https:\/\/bibliotecastc.pt\/acoteiasxxi\/wp-json\/wp\/v2\/types\/page"}],"author":[{"embeddable":true,"href":"https:\/\/bibliotecastc.pt\/acoteiasxxi\/wp-json\/wp\/v2\/users\/1"}],"replies":[{"embeddable":true,"href":"https:\/\/bibliotecastc.pt\/acoteiasxxi\/wp-json\/wp\/v2\/comments?post=71"}],"version-history":[{"count":1,"href":"https:\/\/bibliotecastc.pt\/acoteiasxxi\/wp-json\/wp\/v2\/pages\/71\/revisions"}],"predecessor-version":[{"id":72,"href":"https:\/\/bibliotecastc.pt\/acoteiasxxi\/wp-json\/wp\/v2\/pages\/71\/revisions\/72"}],"wp:attachment":[{"href":"https:\/\/bibliotecastc.pt\/acoteiasxxi\/wp-json\/wp\/v2\/media?parent=71"}],"curies":[{"name":"wp","href":"https:\/\/api.w.org\/{rel}","templated":true}]}}